{"id":129,"date":"2024-04-17T14:45:47","date_gmt":"2024-04-17T14:45:47","guid":{"rendered":"https:\/\/sonjaskitchen.nl\/presse\/"},"modified":"2025-01-21T12:57:57","modified_gmt":"2025-01-21T12:57:57","slug":"presse","status":"publish","type":"page","link":"https:\/\/sonjaskitchen.nl\/de\/presse\/","title":{"rendered":"Presse"},"content":{"rendered":"<p>[et_pb_section fb_built=&#8220;1&#8243; _builder_version=&#8220;4.24.2&#8243; _module_preset=&#8220;default&#8220; min_height=&#8220;100vh&#8220; custom_padding=&#8220;||70px|||&#8220; global_colors_info=&#8220;{}&#8220;][et_pb_row _builder_version=&#8220;4.24.2&#8243; _module_preset=&#8220;default&#8220; global_colors_info=&#8220;{}&#8220;][et_pb_column type=&#8220;4_4&#8243; _builder_version=&#8220;4.24.2&#8243; _module_preset=&#8220;default&#8220; global_colors_info=&#8220;{}&#8220;][et_pb_text _builder_version=&#8220;4.25.2&#8243; _module_preset=&#8220;default&#8220; hover_enabled=&#8220;0&#8243; global_colors_info=&#8220;{}&#8220; sticky_enabled=&#8220;0&#8243;]<\/p>\n<h1>Sonja&#8217;s Kitchen Kollektiv Info<\/h1>\n<p>[\/et_pb_text][\/et_pb_column][\/et_pb_row][et_pb_row _builder_version=&#8220;4.25.2&#8243; _module_preset=&#8220;default&#8220; custom_margin=&#8220;-35px|auto||auto||&#8220;][et_pb_column _builder_version=&#8220;4.25.2&#8243; _module_preset=&#8220;default&#8220; type=&#8220;4_4&#8243;][et_pb_menu _builder_version=&#8220;4.25.2&#8243; _module_preset=&#8220;default&#8220; hover_enabled=&#8220;0&#8243; sticky_enabled=&#8220;0&#8243;][\/et_pb_menu][\/et_pb_column][\/et_pb_row][et_pb_row column_structure=&#8220;1_2,1_2&#8243; _builder_version=&#8220;4.24.2&#8243; _module_preset=&#8220;default&#8220; global_colors_info=&#8220;{}&#8220;][et_pb_column type=&#8220;1_2&#8243; _builder_version=&#8220;4.24.2&#8243; _module_preset=&#8220;default&#8220; global_colors_info=&#8220;{}&#8220;][et_pb_image src=&#8220;https:\/\/sonjaskitchen.nl\/wp-content\/uploads\/2024\/03\/WhatsApp-Image-2024-03-10-at-13.43.23_80b90be7.jpg&#8220; title_text=&#8220;WhatsApp Bild 2024-03-10 um 13.43.23_80b90be7&#8243; _builder_version=&#8220;4.24.2&#8243; _module_preset=&#8220;default&#8220; global_colors_info=&#8220;{}&#8220;][\/et_pb_image][et_pb_button button_url=&#8220;https:\/\/sonjaskitchen.nl\/wp-content\/uploads\/2024\/03\/WhatsApp-Image-2024-03-10-at-13.43.23_80b90be7.jpg&#8220; button_text=&#8220;Bild herunterladen&#8220; _builder_version=&#8220;4.25.2&#8243; _module_preset=&#8220;default&#8220; custom_button=&#8220;on&#8220; button_icon=&#8220;&#xe071;||divi||400&#8243; button_on_hover=&#8220;off&#8220; custom_margin=&#8220;||60px|||&#8220; hover_enabled=&#8220;0&#8243; global_colors_info=&#8220;{}&#8220; sticky_enabled=&#8220;0&#8243;][\/et_pb_button][et_pb_text _builder_version=&#8220;4.25.2&#8243; _module_preset=&#8220;default&#8220; hover_enabled=&#8220;0&#8243; global_colors_info=&#8220;{}&#8220; sticky_enabled=&#8220;0&#8243;]<\/p>\n<h2>Technische Informationen<\/h2>\n<p>Sie k\u00f6nnen unseren Tech Rider \u00fcber die Schaltfl\u00e4che unten herunterladen.<br \/>\nBei Fragen wenden Sie sich an Vincent: +31624637507 oder info@sonjaskitchen.nl <\/p>\n<p>[\/et_pb_text][et_pb_button button_url=&#8220;https:\/\/docs.google.com\/document\/d\/1vejzfx_uA9bIkCh7FrM2nIm7nJVSECqzYbxKu7eU3A4\/edit?usp=sharing&#8220; button_text=&#8220;Tech Rider herunterladen&#8220; _builder_version=&#8220;4.24.2&#8243; _module_preset=&#8220;default&#8220; custom_button=&#8220;on&#8220; button_icon=&#8220;&#xe071;||divi||400&#8243; button_on_hover=&#8220;off&#8220; global_colors_info=&#8220;{}&#8220;][\/et_pb_button][\/et_pb_column][et_pb_column type=&#8220;1_2&#8243; _builder_version=&#8220;4.24.2&#8243; _module_preset=&#8220;default&#8220; global_colors_info=&#8220;{}&#8220;][et_pb_text _builder_version=&#8220;4.25.2&#8243; _module_preset=&#8220;default&#8220; hover_enabled=&#8220;0&#8243; global_colors_info=&#8220;{}&#8220; sticky_enabled=&#8220;0&#8243;]<\/p>\n<p><strong>Sonjas K\u00fcche<\/strong><\/p>\n<p>&nbsp;<\/p>\n<p>Ein Kollektiv von inspirierten und erfahrenen Folk-Musikern, die jede Gelegenheit zu einem Fest machen!<\/p>\n<p>Sonja ist bekannt aus dem Boghill Centre in Irland und ist eine begnadete irische Fiddlerin, w\u00e4hrend Vincent in der irischen Folkwelt als vituoser diatonischer Akkordeon- und Bodhr\u00e1nspieler bekannt ist. Peter begleitet die Melodien und Songs mit einem soliden Fundament auf der Gitarre. Jolanda, auch bekannt von Unicorn, hat eine sch\u00f6ne, samtige Stimme und Pete erg\u00e4nzt den Sound mit mitrei\u00dfenden Rhythmen auf Bodhr\u00e1n und Percussion.<\/p>\n<p>Irischer und amerikanischer Folk der Extraklasse.<\/p>\n<p>[\/et_pb_text][et_pb_text _builder_version=&#8220;4.25.2&#8243; _module_preset=&#8220;default&#8220; hover_enabled=&#8220;0&#8243; sticky_enabled=&#8220;0&#8243; custom_padding=&#8220;0px|0px|0px|0px|false|false&#8220; custom_margin=&#8220;0px|0px|0px|0px|false|false&#8220;]<\/p>\n<p><span> <\/span>S<strong>onja O&#8217;Brien<\/strong> ~ Geige<\/p>\n<p>[\/et_pb_text][et_pb_text _builder_version=&#8220;4.25.2&#8243; _module_preset=&#8220;default&#8220; hover_enabled=&#8220;0&#8243; sticky_enabled=&#8220;0&#8243; custom_padding=&#8220;0px|0px|0px|0px|false|false&#8220; custom_margin=&#8220;0px|0px|0px|0px|false|false&#8220;]<\/p>\n<p><span> <\/span>P<strong>iet Bezuijen<\/strong> ~ Schlagzeug<\/p>\n<p>[\/et_pb_text][et_pb_text _builder_version=&#8220;4.25.2&#8243; _module_preset=&#8220;default&#8220; hover_enabled=&#8220;0&#8243; sticky_enabled=&#8220;0&#8243; custom_padding=&#8220;0px|0px|0px|0px|false|false&#8220; custom_margin=&#8220;0px|0px|0px|0px|false|false&#8220;]<\/p>\n<p><span> <\/span>J<strong>olanda Traarbach<\/strong> ~ Gesang<\/p>\n<p>[\/et_pb_text][et_pb_text _builder_version=&#8220;4.25.2&#8243; _module_preset=&#8220;default&#8220; hover_enabled=&#8220;0&#8243; sticky_enabled=&#8220;0&#8243; custom_padding=&#8220;0px|0px|0px|0px|false|false&#8220; custom_margin=&#8220;0px|0px|0px|0px|false|false&#8220;]<\/p>\n<p><span> <\/span>P<strong>eter Oudendijk<\/strong> ~ Gitarre<\/p>\n<p>[\/et_pb_text][et_pb_text _builder_version=&#8220;4.25.2&#8243; _module_preset=&#8220;default&#8220; hover_enabled=&#8220;0&#8243; sticky_enabled=&#8220;0&#8243; custom_padding=&#8220;0px|0px|0px|0px|false|false&#8220; custom_margin=&#8220;0px|0px|0px|0px|false|false&#8220;]<\/p>\n<p><b>Vincent Pompe van Meerdervoort ~<\/b> Melodeon, Kontrabass<\/p>\n<p>[\/et_pb_text][\/et_pb_column][\/et_pb_row][\/et_pb_section]<\/p>\n","protected":false},"excerpt":{"rendered":"<p>Sonja&#8217;s Kitchen Kollektiv InfoTechnische Informationen Sie k\u00f6nnen unseren Tech Rider \u00fcber die Schaltfl\u00e4che unten herunterladen. Bei Fragen wenden Sie sich an Vincent: +31624637507 oder info@sonjaskitchen.nl Sonjas K\u00fcche &nbsp; Ein Kollektiv von inspirierten und erfahrenen Folk-Musikern, die jede Gelegenheit zu einem Fest machen! Sonja ist bekannt aus dem Boghill Centre in Irland und ist eine begnadete [&hellip;]<\/p>\n","protected":false},"author":1,"featured_media":0,"parent":0,"menu_order":0,"comment_status":"closed","ping_status":"closed","template":"","meta":{"_et_pb_use_builder":"on","_et_pb_old_content":"","_et_gb_content_width":"","footnotes":""},"class_list":["post-129","page","type-page","status-publish","hentry"],"_links":{"self":[{"href":"https:\/\/sonjaskitchen.nl\/de\/wp-json\/wp\/v2\/pages\/129","targetHints":{"allow":["GET"]}}],"collection":[{"href":"https:\/\/sonjaskitchen.nl\/de\/wp-json\/wp\/v2\/pages"}],"about":[{"href":"https:\/\/sonjaskitchen.nl\/de\/wp-json\/wp\/v2\/types\/page"}],"author":[{"embeddable":true,"href":"https:\/\/sonjaskitchen.nl\/de\/wp-json\/wp\/v2\/users\/1"}],"replies":[{"embeddable":true,"href":"https:\/\/sonjaskitchen.nl\/de\/wp-json\/wp\/v2\/comments?post=129"}],"version-history":[{"count":10,"href":"https:\/\/sonjaskitchen.nl\/de\/wp-json\/wp\/v2\/pages\/129\/revisions"}],"predecessor-version":[{"id":179,"href":"https:\/\/sonjaskitchen.nl\/de\/wp-json\/wp\/v2\/pages\/129\/revisions\/179"}],"wp:attachment":[{"href":"https:\/\/sonjaskitchen.nl\/de\/wp-json\/wp\/v2\/media?parent=129"}],"curies":[{"name":"wp","href":"https:\/\/api.w.org\/{rel}","templated":true}]}}